{"id":71345,"date":"2023-06-29T16:04:12","date_gmt":"2023-06-29T16:04:12","guid":{"rendered":"https:\/\/digmus.art\/?page_id=71345"},"modified":"2024-09-30T16:04:10","modified_gmt":"2024-09-30T16:04:10","slug":"registro","status":"publish","type":"page","link":"https:\/\/digmus.art\/en\/registro\/","title":{"rendered":"Registro"},"content":{"rendered":"<p>[et_pb_section fb_built=\u00bb1&#8243; _builder_version=\u00bb4.19.5&#8243; _module_preset=\u00bbdefault\u00bb background_image=\u00bbhttps:\/\/digmus.art\/wp-content\/uploads\/2023\/02\/pattern.svg\u00bb custom_padding=\u00bb||8px|||\u00bb global_colors_info=\u00bb{}\u00bb][et_pb_row _builder_version=\u00bb4.19.5&#8243; _module_preset=\u00bbdefault\u00bb global_colors_info=\u00bb{}\u00bb][et_pb_column type=\u00bb4_4&#8243; _builder_version=\u00bb4.19.5&#8243; _module_preset=\u00bbdefault\u00bb global_colors_info=\u00bb{}\u00bb][et_pb_image src=\u00bbhttps:\/\/digmus.art\/wp-content\/uploads\/2023\/07\/logonegro.svg\u00bb title_text=\u00bblogonegro\u00bb align=\u00bbcenter\u00bb disabled_on=\u00bbon|on|off\u00bb admin_label=\u00bbLogo ordenador\u00bb _builder_version=\u00bb4.21.0&#8243; _module_preset=\u00bbdefault\u00bb width_tablet=\u00bb\u00bb width_phone=\u00bb\u00bb width_last_edited=\u00bbon|phone\u00bb max_width_tablet=\u00bb\u00bb max_width_phone=\u00bb100%\u00bb max_width_last_edited=\u00bbon|phone\u00bb min_height=\u00bb175px\u00bb min_height_tablet=\u00bb175px\u00bb min_height_phone=\u00bb175px\u00bb min_height_last_edited=\u00bbon|phone\u00bb height=\u00bb175px\u00bb height_tablet=\u00bb175px\u00bb height_phone=\u00bb175px\u00bb height_last_edited=\u00bbon|phone\u00bb max_height=\u00bb175px\u00bb max_height_tablet=\u00bb175px\u00bb max_height_phone=\u00bb1000px\u00bb max_height_last_edited=\u00bbon|phone\u00bb custom_margin=\u00bb25px||||false|false\u00bb global_colors_info=\u00bb{}\u00bb][\/et_pb_image][et_pb_image src=\u00bbhttps:\/\/digmus.art\/wp-content\/uploads\/2023\/02\/Logo-Trasparente-ajustado-TDM.png\u00bb title_text=\u00bbLogo-Trasparente-ajustado-TDM\u00bb disabled_on=\u00bboff|off|on\u00bb admin_label=\u00bbLogo telefono\u00bb _builder_version=\u00bb4.21.0&#8243; _module_preset=\u00bbdefault\u00bb custom_margin_tablet=\u00bb\u00bb custom_margin_phone=\u00bb36px||||false|false\u00bb custom_margin_last_edited=\u00bbon|phone\u00bb global_colors_info=\u00bb{}\u00bb][\/et_pb_image][\/et_pb_column][\/et_pb_row][et_pb_row _builder_version=\u00bb4.19.5&#8243; _module_preset=\u00bbdefault\u00bb global_colors_info=\u00bb{}\u00bb][et_pb_column type=\u00bb4_4&#8243; _builder_version=\u00bb4.19.5&#8243; _module_preset=\u00bbdefault\u00bb global_colors_info=\u00bb{}\u00bb][et_pb_text _builder_version=\u00bb4.21.0&#8243; _module_preset=\u00bbdefault\u00bb text_font=\u00bbNoto Serif Display||||||||\u00bb text_text_color=\u00bb#000000&#8243; text_font_size=\u00bb52px\u00bb text_line_height=\u00bb1.1em\u00bb max_width=\u00bb76%\u00bb module_alignment=\u00bbcenter\u00bb custom_margin_tablet=\u00bb\u00bb custom_margin_phone=\u00bb-22px||||false|false\u00bb custom_margin_last_edited=\u00bbon|phone\u00bb custom_padding_tablet=\u00bb\u00bb custom_padding_phone=\u00bb0px||||false|false\u00bb custom_padding_last_edited=\u00bbon|phone\u00bb global_colors_info=\u00bb{}\u00bb]<\/p>\n<p style=\"text-align: center;\">Registro<\/p>\n<p>[\/et_pb_text][\/et_pb_column][\/et_pb_row][et_pb_row _builder_version=\u00bb4.21.0&#8243; _module_preset=\u00bbdefault\u00bb width_tablet=\u00bb\u00bb width_phone=\u00bb80%\u00bb width_last_edited=\u00bbon|phone\u00bb global_colors_info=\u00bb{}\u00bb][et_pb_column type=\u00bb4_4&#8243; _builder_version=\u00bb4.21.0&#8243; _module_preset=\u00bbdefault\u00bb global_colors_info=\u00bb{}\u00bb][et_pb_contact_form captcha=\u00bboff\u00bb email=\u00bbmarketing@digmus.art\u00bb submit_button_text=\u00bbAceptar\u00bb _builder_version=\u00bb4.25.2&#8243; _module_preset=\u00bbdefault\u00bb _unique_id=\u00bbe593d767-524f-4cb2-9141-9eaa8ed4db75&#8243; custom_button=\u00bbon\u00bb button_text_size=\u00bb15px\u00bb button_text_color=\u00bb#FFFFFF\u00bb button_bg_color=\u00bbgcid-93f5c502-98fe-48f4-ad69-7d793e1b8c21&#8243; button_border_width=\u00bb0px\u00bb width=\u00bb50%\u00bb width_tablet=\u00bb50%\u00bb width_phone=\u00bb100%\u00bb width_last_edited=\u00bbon|phone\u00bb max_width=\u00bb50%\u00bb max_width_tablet=\u00bb50%\u00bb max_width_phone=\u00bb100%\u00bb max_width_last_edited=\u00bbon|phone\u00bb module_alignment=\u00bbcenter\u00bb global_colors_info=\u00bb{%22gcid-93f5c502-98fe-48f4-ad69-7d793e1b8c21%22:%91%22button_bg_color%22%93}\u00bb][et_pb_contact_field field_id=\u00bbNombre\u00bb field_title=\u00bbNombre\u00bb fullwidth_field=\u00bbon\u00bb _builder_version=\u00bb4.21.0&#8243; form_field_background_color=\u00bb#FFFFFF\u00bb form_field_text_color=\u00bbgcid-93f5c502-98fe-48f4-ad69-7d793e1b8c21&#8243; background_color=\u00bbRGBA(255,255,255,0)\u00bb background_enable_color=\u00bbon\u00bb global_colors_info=\u00bb{%22gcid-93f5c502-98fe-48f4-ad69-7d793e1b8c21%22:%91%22form_field_text_color%22%93}\u00bb button_text_size__hover_enabled=\u00bboff\u00bb button_one_text_size__hover_enabled=\u00bboff\u00bb button_two_text_size__hover_enabled=\u00bboff\u00bb button_text_color__hover_enabled=\u00bboff\u00bb button_one_text_color__hover_enabled=\u00bboff\u00bb button_two_text_color__hover_enabled=\u00bboff\u00bb button_border_width__hover_enabled=\u00bboff\u00bb button_one_border_width__hover_enabled=\u00bboff\u00bb button_two_border_width__hover_enabled=\u00bboff\u00bb button_border_color__hover_enabled=\u00bboff\u00bb button_one_border_color__hover_enabled=\u00bboff\u00bb button_two_border_color__hover_enabled=\u00bboff\u00bb button_border_radius__hover_enabled=\u00bboff\u00bb button_one_border_radius__hover_enabled=\u00bboff\u00bb button_two_border_radius__hover_enabled=\u00bboff\u00bb button_letter_spacing__hover_enabled=\u00bboff\u00bb button_one_letter_spacing__hover_enabled=\u00bboff\u00bb button_two_letter_spacing__hover_enabled=\u00bboff\u00bb button_bg_color__hover_enabled=\u00bboff\u00bb button_one_bg_color__hover_enabled=\u00bboff\u00bb button_two_bg_color__hover_enabled=\u00bboff\u00bb][\/et_pb_contact_field][et_pb_contact_field field_id=\u00bbEmail\u00bb field_title=\u00bbDirecci\u00f3n de correo electr\u00f3nico\u00bb field_type=\u00bbemail\u00bb fullwidth_field=\u00bbon\u00bb _builder_version=\u00bb4.21.0&#8243; form_field_background_color=\u00bb#FFFFFF\u00bb form_field_text_color=\u00bbgcid-93f5c502-98fe-48f4-ad69-7d793e1b8c21&#8243; global_colors_info=\u00bb{%22gcid-93f5c502-98fe-48f4-ad69-7d793e1b8c21%22:%91%22form_field_text_color%22%93}\u00bb button_text_size__hover_enabled=\u00bboff\u00bb button_one_text_size__hover_enabled=\u00bboff\u00bb button_two_text_size__hover_enabled=\u00bboff\u00bb button_text_color__hover_enabled=\u00bboff\u00bb button_one_text_color__hover_enabled=\u00bboff\u00bb button_two_text_color__hover_enabled=\u00bboff\u00bb button_border_width__hover_enabled=\u00bboff\u00bb button_one_border_width__hover_enabled=\u00bboff\u00bb button_two_border_width__hover_enabled=\u00bboff\u00bb button_border_color__hover_enabled=\u00bboff\u00bb button_one_border_color__hover_enabled=\u00bboff\u00bb button_two_border_color__hover_enabled=\u00bboff\u00bb button_border_radius__hover_enabled=\u00bboff\u00bb button_one_border_radius__hover_enabled=\u00bboff\u00bb button_two_border_radius__hover_enabled=\u00bboff\u00bb button_letter_spacing__hover_enabled=\u00bboff\u00bb button_one_letter_spacing__hover_enabled=\u00bboff\u00bb button_two_letter_spacing__hover_enabled=\u00bboff\u00bb button_bg_color__hover_enabled=\u00bboff\u00bb button_one_bg_color__hover_enabled=\u00bboff\u00bb button_two_bg_color__hover_enabled=\u00bboff\u00bb][\/et_pb_contact_field][et_pb_contact_field field_id=\u00bbSuscripci\u00f3n\u00bb field_title=\u00bb \u00bb field_type=\u00bbcheckbox\u00bb checkbox_options=\u00bb%91{%22value%22:%22Acepto el registro a The Digital Museum%22,%22checked%22:0,%22dragID%22:-1},{%22value%22:%22He le\u00eddo y acepto la pol\u00edtica de privacidad%22,%22checked%22:0,%22dragID%22:0}%93&#8243; fullwidth_field=\u00bbon\u00bb _builder_version=\u00bb4.21.0&#8243; _module_preset=\u00bbdefault\u00bb form_field_background_color=\u00bb#FFFFFF\u00bb global_colors_info=\u00bb{}\u00bb][\/et_pb_contact_field][\/et_pb_contact_form][et_pb_signup mailchimp_list=\u00bbThe Digital Museum|80225ed037&#8243; name_field=\u00bbon\u00bb use_custom_fields=\u00bbon\u00bb use_spam_service=\u00bbon\u00bb recaptcha_list=\u00bbDefault|Default-0&#8243; disabled_on=\u00bbon|on|on\u00bb _builder_version=\u00bb4.25.2&#8243; _module_preset=\u00bbdefault\u00bb background_color=\u00bbRGBA(255,255,255,0)\u00bb custom_button=\u00bbon\u00bb button_text_size=\u00bb19px\u00bb button_text_color=\u00bb#FFFFFF\u00bb button_bg_color=\u00bbgcid-93f5c502-98fe-48f4-ad69-7d793e1b8c21&#8243; button_border_width=\u00bb0px\u00bb button_border_radius=\u00bb2px\u00bb width=\u00bb55%\u00bb max_width=\u00bb55%\u00bb module_alignment=\u00bbcenter\u00bb disabled=\u00bbon\u00bb global_colors_info=\u00bb{%22gcid-93f5c502-98fe-48f4-ad69-7d793e1b8c21%22:%91%22button_bg_color%22%93}\u00bb][et_pb_signup_custom_field _builder_version=\u00bb4.25.2&#8243; _module_preset=\u00bbdefault\u00bb global_colors_info=\u00bb{}\u00bb][\/et_pb_signup_custom_field][\/et_pb_signup][\/et_pb_column][\/et_pb_row][et_pb_row custom_padding_last_edited=\u00bbon|phone\u00bb _builder_version=\u00bb4.21.0&#8243; _module_preset=\u00bbdefault\u00bb custom_padding=\u00bb||283px|||\u00bb custom_padding_tablet=\u00bb||283px|||\u00bb custom_padding_phone=\u00bb||79px||false|false\u00bb global_colors_info=\u00bb{}\u00bb][et_pb_column type=\u00bb4_4&#8243; _builder_version=\u00bb4.19.5&#8243; _module_preset=\u00bbdefault\u00bb global_colors_info=\u00bb{}\u00bb][et_pb_text _builder_version=\u00bb4.21.0&#8243; _module_preset=\u00bbdefault\u00bb text_font=\u00bbMontserrat||||||||\u00bb text_text_color=\u00bbgcid-97c435aa-26a7-4cf6-8e96-6297e9b43ed9&#8243; text_font_size=\u00bb12px\u00bb text_line_height=\u00bb1.4em\u00bb text_orientation=\u00bbjustified\u00bb width=\u00bb50%\u00bb width_tablet=\u00bb50%\u00bb width_phone=\u00bb100%\u00bb width_last_edited=\u00bbon|phone\u00bb max_width=\u00bb50%\u00bb max_width_tablet=\u00bb50%\u00bb max_width_phone=\u00bb100%\u00bb max_width_last_edited=\u00bbon|phone\u00bb module_alignment=\u00bbcenter\u00bb custom_margin=\u00bb|||192px|false|false\u00bb global_colors_info=\u00bb{%22gcid-97c435aa-26a7-4cf6-8e96-6297e9b43ed9%22:%91%22text_text_color%22%93}\u00bb]<\/p>\n<p>The Digital Museum usar\u00e1 tus datos para personalizar y mejorar tu experiencia, registrarte en el servicio y para enviarte informaci\u00f3n sobre The Digital Museum. Puedes cambiar tus preferencias de comunicaci\u00f3n en cualquier momento. Podremos usar tus datos como se describe en nuestra pol\u00edtica de privacidad. Al hacer click en \u00abAceptar\u00bb, reconoces que has le\u00eddo nuestra pol\u00edtica de privacidad y nuestros t\u00e9rminos y condiciones.<\/p>\n<p>[\/et_pb_text][\/et_pb_column][\/et_pb_row][\/et_pb_section]<\/p>","protected":false},"excerpt":{"rendered":"<p>RegistroThe Digital Museum usar\u00e1 tus datos para personalizar y mejorar tu experiencia, registrarte en el servicio y para enviarte informaci\u00f3n sobre The Digital Museum. Puedes cambiar tus preferencias de comunicaci\u00f3n en cualquier momento. Podremos usar tus datos como se describe en nuestra pol\u00edtica de privacidad. Al hacer click en \u00abAceptar\u00bb, reconoces que has le\u00eddo nuestra [&hellip;]<\/p>","protected":false},"author":1,"featured_media":0,"parent":0,"menu_order":0,"comment_status":"closed","ping_status":"closed","template":"","meta":{"_et_pb_use_builder":"on","_et_pb_old_content":"","_et_gb_content_width":"","inline_featured_image":false,"footnotes":""},"class_list":["post-71345","page","type-page","status-publish","hentry"],"_links":{"self":[{"href":"https:\/\/digmus.art\/en\/wp-json\/wp\/v2\/pages\/71345","targetHints":{"allow":["GET"]}}],"collection":[{"href":"https:\/\/digmus.art\/en\/wp-json\/wp\/v2\/pages"}],"about":[{"href":"https:\/\/digmus.art\/en\/wp-json\/wp\/v2\/types\/page"}],"author":[{"embeddable":true,"href":"https:\/\/digmus.art\/en\/wp-json\/wp\/v2\/users\/1"}],"replies":[{"embeddable":true,"href":"https:\/\/digmus.art\/en\/wp-json\/wp\/v2\/comments?post=71345"}],"version-history":[{"count":14,"href":"https:\/\/digmus.art\/en\/wp-json\/wp\/v2\/pages\/71345\/revisions"}],"predecessor-version":[{"id":71542,"href":"https:\/\/digmus.art\/en\/wp-json\/wp\/v2\/pages\/71345\/revisions\/71542"}],"wp:attachment":[{"href":"https:\/\/digmus.art\/en\/wp-json\/wp\/v2\/media?parent=71345"}],"curies":[{"name":"wp","href":"https:\/\/api.w.org\/{rel}","templated":true}]}}