{"id":71374,"date":"2023-06-29T18:09:22","date_gmt":"2023-06-29T18:09:22","guid":{"rendered":"https:\/\/digmus.art\/?page_id=71374"},"modified":"2023-06-29T18:09:22","modified_gmt":"2023-06-29T18:09:22","slug":"politica-de-cookies","status":"publish","type":"page","link":"https:\/\/digmus.art\/en\/politica-de-cookies\/","title":{"rendered":"Cookies Policy"},"content":{"rendered":"<p>[et_pb_section fb_built=\u00bb1&#8243; _builder_version=\u00bb4.20.2&#8243; _module_preset=\u00bbdefault\u00bb background_color=\u00bbgcid-93f5c502-98fe-48f4-ad69-7d793e1b8c21&#8243; global_colors_info=\u00bb{%22gcid-93f5c502-98fe-48f4-ad69-7d793e1b8c21%22:%91%22background_color%22%93}\u00bb theme_builder_area=\u00bbpost_content\u00bb][et_pb_row _builder_version=\u00bb4.21.0&#8243; _module_preset=\u00bbdefault\u00bb custom_margin=\u00bb30px||||false|false\u00bb global_colors_info=\u00bb{}\u00bb theme_builder_area=\u00bbpost_content\u00bb][et_pb_column type=\u00bb4_4&#8243; _builder_version=\u00bb4.20.2&#8243; _module_preset=\u00bbdefault\u00bb global_colors_info=\u00bb{}\u00bb theme_builder_area=\u00bbpost_content\u00bb][et_pb_text _builder_version=\u00bb4.21.0&#8243; _module_preset=\u00bbdefault\u00bb text_text_color=\u00bb#FFFFFF\u00bb header_font=\u00bbPoppins||||||||\u00bb header_text_color=\u00bb#FFFFFF\u00bb header_2_font=\u00bbPoppins||||||||\u00bb header_2_text_color=\u00bb#FFFFFF\u00bb header_3_font=\u00bbPoppins||||||||\u00bb header_3_text_color=\u00bb#FFFFFF\u00bb width=\u00bb70%\u00bb max_width=\u00bb70%\u00bb module_alignment=\u00bbcenter\u00bb hover_enabled=\u00bb0&#8243; global_colors_info=\u00bb{}\u00bb theme_builder_area=\u00bbpost_content\u00bb sticky_enabled=\u00bb0&#8243;]<\/p>\n<h1>Cookies Policy<\/h1>\n<p><span>\u00bfQu\u00e9 son las cookies?<\/span><br data-reader-unique-id=\"3\" \/><br data-reader-unique-id=\"4\" \/><span>COOKIES DEL NAVEGADOR:<\/span><br data-reader-unique-id=\"5\" \/><br data-reader-unique-id=\"6\" \/><span>Las cookies son fragmentos de informaci\u00f3n que un sitio web almacena en su dispositivo cuando lo visita. Las cookies pueden suponer la transmisi\u00f3n de informaci\u00f3n desde nosotros a usted o desde usted directamente a nosotros, otra parte en nuestro nombre u otra parte conforme a su pol\u00edtica de privacidad. Podemos utilizar las cookies para reunir la informaci\u00f3n que recogemos sobre usted. Usted puede elegir que su dispositivo le avise cada vez que se env\u00ede una cookie o, por el contrario, que se desactiven todas las cookies. Puede hacerlo en la configuraci\u00f3n de su navegador. Si desactiva las cookies, no tendr\u00e1 acceso a muchas caracter\u00edsticas que hacen que su experiencia como visitante sea m\u00e1s eficaz y algunos de nuestros servicios no funcionar\u00e1n correctamente. Consulte la \u00faltima secci\u00f3n de esta Pol\u00edtica de Cookies para obtener m\u00e1s informaci\u00f3n sobre c\u00f3mo gestionar o desactivar las cookies del navegador.<\/span><br data-reader-unique-id=\"7\" \/><br data-reader-unique-id=\"8\" \/><span>Utilizamos varias categor\u00edas de cookies y cada una desempe\u00f1a funciones diferentes. Puede conocer m\u00e1s sobre las cookies y sus funciones en general visitando un sitio web de informaci\u00f3n como <\/span><a target=\"_blank\" href=\"http:\/\/www.allaboutcookies.org\/\" data-reader-unique-id=\"9\" rel=\"noopener\">allaboutcookies.org<\/a><span>.<\/span><br data-reader-unique-id=\"10\" \/><br data-reader-unique-id=\"11\" \/><span>COOKIES FLASH:<\/span><br data-reader-unique-id=\"12\" \/><br data-reader-unique-id=\"13\" \/><span>Podemos utilizar objetos compartidos locales, en ocasiones conocidos como cookies Flash, para almacenar sus preferencias o mostrar contenidos basados en aquello que visualiza en nuestro sitio y as\u00ed personalizar su visita. Nuestros anunciantes y proveedores de servicios terceros tambi\u00e9n pueden utilizar las cookies Flash para recoger y almacenar informaci\u00f3n. Las cookies Flash son diferentes de las cookies del navegador debido a la cantidad y tipo de datos y al modo en que estos se almacenan. Las herramientas de gesti\u00f3n de cookies que su navegador proporciona no eliminar\u00e1n las cookies Flash. Consulte la \u00faltima secci\u00f3n de esta Pol\u00edtica de Cookies para obtener informaci\u00f3n sobre c\u00f3mo desactivar las cookies Flash.<\/span><br data-reader-unique-id=\"14\" \/><br data-reader-unique-id=\"15\" \/><span>Si desactiva las cookies Flash, no tendr\u00e1 acceso a muchas caracter\u00edsticas que hacen que su experiencia como visitante sea m\u00e1s eficaz y algunos de nuestros servicios no funcionar\u00e1n correctamente.<\/span><br data-reader-unique-id=\"16\" \/><br data-reader-unique-id=\"17\" \/><span>\u00bfQU\u00c9 CATEGOR\u00cdAS DE COOKIES PUEDEN UTILIZARSE?<\/span><br data-reader-unique-id=\"18\" \/><br data-reader-unique-id=\"19\" \/><span>Las cookies que pueden utilizarse en este sitio web se dividen en las cuatro categor\u00edas descritas a continuaci\u00f3n. Estas descripciones pueden ayudarle a determinar si desea interactuar con nuestros sitios web y otros servicios en l\u00ednea y c\u00f3mo.<\/span><br data-reader-unique-id=\"20\" \/><br data-reader-unique-id=\"21\" \/><span>COOKIES ESTRICTAMENTE NECESARIAS<\/span><br data-reader-unique-id=\"22\" \/><br data-reader-unique-id=\"23\" \/><span>Estas cookies son fundamentales para permitirle navegar por este sitio web y utilizar determinadas caracter\u00edsticas. Sin estas cookies estrictamente necesarias, los servicios en l\u00ednea que haya solicitado (como cestas de la compra o su factura en la pantalla de compra) no pueden proporcionarse.<\/span><br data-reader-unique-id=\"24\" \/><br data-reader-unique-id=\"25\" \/><span>COOKIES DE RENDIMIENTO<\/span><br data-reader-unique-id=\"26\" \/><br data-reader-unique-id=\"27\" \/><span>Nosotros (o los proveedores de servicio que operen en nuestro nombre) podemos almacenar nuestras cookies de rendimiento en su dispositivo. Utilizamos la informaci\u00f3n recogida con nuestras cookies de rendimiento (o esta se utiliza en nuestro inter\u00e9s) para mejorar la experiencia de nuestro sitio web o con fines estad\u00edsticos.<\/span><br data-reader-unique-id=\"28\" \/><br data-reader-unique-id=\"29\" \/><span>Nuestras cookies de rendimiento sirven para generar informaci\u00f3n global y an\u00f3nima sobre c\u00f3mo usted y otros usuarios utilizan este sitio web y sus caracter\u00edsticas. Por ejemplo, nuestras cookies de rendimiento recogen informaci\u00f3n sobre las p\u00e1ginas en este sitio web que usted visita m\u00e1s a menudo, si abre o lee las comunicaciones que enviamos, qu\u00e9 anuncios ve o con cu\u00e1les interact\u00faa en este u otros sitios web en los que aparezcan nuestros anuncios, y si recibe mensajes de error. La informaci\u00f3n recopilada puede utilizarse para mejorar la experiencia en l\u00ednea de los usuarios en general, cotejar estad\u00edsticas o personalizar su experiencia en l\u00ednea mostr\u00e1ndole contenidos que consideramos que le gustar\u00e1n. Nuestras cookies de rendimiento no recogen informaci\u00f3n que le identifique personalmente; no obstante, si tiene una cuenta de registro con nosotros, la informaci\u00f3n que recopilemos con nuestras cookies de rendimiento puede asociarse a dicha cuenta.<\/span><br data-reader-unique-id=\"30\" \/><br data-reader-unique-id=\"31\" \/><span>Asimismo, podemos permitir que anunciantes terceros almacenen sus cookies de rendimiento en su dispositivo a trav\u00e9s de sus anuncios en este sitio web. La informaci\u00f3n que estas cookies de rendimiento de terceros recogen se utiliza para determinar qu\u00e9 anuncios de terceros mostrar en este sitio web, con qu\u00e9 frecuencia y en qu\u00e9 ubicaciones de este sitio web funcionan mejor. Estas cookies de rendimiento de terceros no recogen informaci\u00f3n que le identifique personalmente.<\/span><br data-reader-unique-id=\"32\" \/><br data-reader-unique-id=\"33\" \/><span>Puede borrar o gestionar las cookies de rendimiento tal como se indica en la \u00faltima secci\u00f3n de esta Pol\u00edtica de Cookies.<\/span><br data-reader-unique-id=\"34\" \/><br data-reader-unique-id=\"35\" \/><span>COOKIES FUNCIONALES<\/span><br data-reader-unique-id=\"36\" \/><br data-reader-unique-id=\"37\" \/><span>Nosotros (o los proveedores de servicio que operen en nuestro nombre) podemos almacenar nuestras cookies funcionales en su dispositivo. No compartimos la informaci\u00f3n recogida utilizando nuestras cookies funcionales con nuestros anunciantes u otros terceros.<\/span><br data-reader-unique-id=\"38\" \/><br data-reader-unique-id=\"39\" \/><span>Nuestras cookies funcionales se utilizan para recordar las elecciones que usted haga (como preferencia de idioma, ubicaci\u00f3n de pa\u00eds u otros ajustes en l\u00ednea) y ofrecer las caracter\u00edsticas personalizadas o mejoradas que seleccione. Pueden utilizarse para prestarle servicios en l\u00ednea o impedir que se le ofrezcan servicios en l\u00ednea si previamente ha indicado que no quiere recibir esos servicios. Nuestras cookies funcionales recogen informaci\u00f3n an\u00f3nima; no obstante, si tiene una cuenta de registro con nosotros, la informaci\u00f3n que recopilemos con nuestras cookies funcionales puede asociarse a dicha cuenta. Por ejemplo, si usted es un usuario registrado, nuestras cookies funcionales pueden permitirnos realizar un seguimiento de su navegaci\u00f3n por los diferentes sitios web operados por la Familia de Empresas Walt Disney o detectar sus experiencias cuando acceda a nuestros sitios web desde distintos dispositivos. No recogemos informaci\u00f3n de su comportamiento de navegaci\u00f3n en sitios web que no gestionemos.<\/span><br data-reader-unique-id=\"40\" \/><br data-reader-unique-id=\"41\" \/><span>En ciertos casos, podemos permitir que un anunciante u otro tercero le ofrezca contenidos y otras experiencias en l\u00ednea en este sitio web o servicio en l\u00ednea. Cuando esto ocurre, ese tercero puede almacenar sus cookies funcionales en su dispositivo y utilizarlas del mismo modo en que nosotros lo hacemos con las nuestras, para proporcionarle caracter\u00edsticas personalizadas o mejoradas con relaci\u00f3n al contenido o experiencia de dicho tercero.<\/span><br data-reader-unique-id=\"42\" \/><br data-reader-unique-id=\"43\" \/><span>Si borra estas cookies funcionales, las preferencias o ajustes que haya seleccionado no se mantendr\u00e1n para las visitas posteriores.<\/span><br data-reader-unique-id=\"44\" \/><br data-reader-unique-id=\"45\" \/><span>COOKIES PUBLICITARIAS O DE PREFERENCIAS<\/span><br data-reader-unique-id=\"46\" \/><br data-reader-unique-id=\"47\" \/><span>Cuando vea este icono en nuestra publicidad o en la de un tercero, puede hacer clic para conocer m\u00e1s sobre la publicidad comportamental, incluido c\u00f3mo utilizar sus opciones de control a trav\u00e9s de sus ajustes de navegador. Puede encontrar m\u00e1s informaci\u00f3n en <\/span><a target=\"_blank\" href=\"http:\/\/www.youronlinechoices.com\/es\/\" data-reader-unique-id=\"48\" rel=\"noopener\">www.youronlinechoices.eu.<\/a><br data-reader-unique-id=\"49\" \/><br data-reader-unique-id=\"50\" \/><span>PUBLICIDAD PERSONALIZADA DE TERCEROS<\/span><br data-reader-unique-id=\"51\" \/><br data-reader-unique-id=\"52\" \/><span>Anunciantes terceros, redes publicitarias, intercambios de datos, an\u00e1lisis de marketing y otros proveedores de servicios pueden almacenar cookies de publicidad personalizada de terceros en su dispositivo.<\/span><br data-reader-unique-id=\"53\" \/><br data-reader-unique-id=\"54\" \/><span>Las cookies de publicidad personalizada de terceros recogen informaci\u00f3n sobre su actividad de navegaci\u00f3n por varios sitios web y servicios en l\u00ednea para ofrecerle anuncios pertinentes en nuestros sitios web y servicios en l\u00ednea y en los de terceros. Las redes publicitarias pueden compartir esta informaci\u00f3n con los anunciantes que utilicen su red. Estas cookies tambi\u00e9n pueden utilizarse para medir la eficacia de las campa\u00f1as publicitarias, por ejemplo, recogiendo datos sobre cu\u00e1ntas personas hacen clic en un anuncio en concreto. La informaci\u00f3n recopilada con estas cookies de publicidad de terceros no le identifica personalmente.<\/span><br data-reader-unique-id=\"55\" \/><br data-reader-unique-id=\"56\" \/><span>A menudo, las cookies de publicidad personalizada de terceros est\u00e1n vinculadas a la funcionalidad del sitio proporcionada por el tercero, lo que significa que al hacer clic en el anuncio, se le redirige al sitio web de ese tercero.<\/span><br data-reader-unique-id=\"57\" \/><br data-reader-unique-id=\"58\" \/><span>Aunque no siempre podemos saber qu\u00e9 cookies de publicidad de terceros se lanzan antes de que aparezcan en nuestro sitio web, mantenemos procesos para supervisar las cookies instaladas en nuestros sitios web por proveedores de servicio externos y controlar el modo en que se recogen los datos a trav\u00e9s de nuestros sitios web. Adem\u00e1s, podemos solicitar que el proveedor tercero desactive determinadas cookies de publicidad de terceros.<\/span><br data-reader-unique-id=\"59\" \/><br data-reader-unique-id=\"60\" \/><span>NUESTRA PUBLICIDAD PERSONALIZADA<\/span><br data-reader-unique-id=\"61\" \/><br data-reader-unique-id=\"62\" \/><span>Nosotros (o proveedores de servicio que operan en nuestro nombre) instalamos nuestras cookies de publicidad personalizada.<\/span><br data-reader-unique-id=\"63\" \/><br data-reader-unique-id=\"64\" \/><span>Podemos utilizar estas cookies en nuestros sitios web, y con relaci\u00f3n a nuestros contenidos y anuncios que aparezcan en los sitios web y servicios en l\u00ednea de terceros, para identificar que usted ha visualizado nuestros contenidos o anuncios (o ha interactuado con ellos). De ese modo, podemos mostrarle anuncios de productos que creemos que le interesar\u00e1n. Asimismo, podemos utilizar estas cookies para limitar el n\u00famero de veces que ve el mismo anuncio. Nuestras cookies de publicidad personalizada recogen informaci\u00f3n an\u00f3nima; no obstante, si tiene una cuenta de registro con nosotros, la informaci\u00f3n que recopilemos con estas cookies puede asociarse a dicha cuenta. Por ejemplo, podemos mostrarle anuncios m\u00e1s personalizados de acuerdo a su comportamiento de navegaci\u00f3n.<\/span><br data-reader-unique-id=\"65\" \/><br data-reader-unique-id=\"66\" \/><span>La organizaci\u00f3n que establezca la cookie (nosotros o un tercero) es responsable de obtener el consentimiento.<\/span><br data-reader-unique-id=\"67\" \/><br data-reader-unique-id=\"68\" \/><span>VISITANTES REGISTRADOS<\/span><br data-reader-unique-id=\"69\" \/><br data-reader-unique-id=\"70\" \/><span>Podemos analizar las actividades en l\u00ednea de los visitantes registrados en nuestros sitios web y servicios en l\u00ednea utilizando cookies y otras tecnolog\u00edas de seguimiento. Cuando haya elegido recibir nuestras comunicaciones, podemos utilizar cookies y otras tecnolog\u00edas de seguimiento para adaptar las futuras comunicaciones y que estas reflejen sus intereses.<\/span><br data-reader-unique-id=\"71\" \/><br data-reader-unique-id=\"72\" \/><span>Asimismo, podemos utilizar cookies u otras tecnolog\u00edas de seguimiento en nuestras comunicaciones con usted (por ejemplo, para saber si se han le\u00eddo o abierto, o con qu\u00e9 contenido interact\u00faa y qu\u00e9 enlaces sigue), de manera que podamos ajustar mejor las futuras comunicaciones a sus intereses.<\/span><br data-reader-unique-id=\"73\" \/><br data-reader-unique-id=\"74\" \/><span>En cualquier momento, puede optar por no recibir nuestras comunicaciones personalizadas iniciando sesi\u00f3n con su cuenta de registro y seleccionando no recibir comunicaciones de marketing. Para dejar de recibir publicidad personalizada basada en su comportamiento en l\u00ednea en este y otros sitios web, siga las instrucciones indicadas anteriormente (para la publicidad personalizada).<\/span><br data-reader-unique-id=\"75\" \/><br data-reader-unique-id=\"76\" \/><span>No compartiremos su informaci\u00f3n de contacto con nuestros anunciantes terceros, salvo que usted nos d\u00e9 su permiso.<\/span><br data-reader-unique-id=\"77\" \/><br data-reader-unique-id=\"78\" \/><span>DESACTIVAR\/ACTIVAR COOKIES A TRAV\u00c9S DE SU NAVEGADOR<\/span><br data-reader-unique-id=\"79\" \/><br data-reader-unique-id=\"80\" \/><span>Dispone de varias formas de gestionar las cookies y otras tecnolog\u00edas de seguimiento. A trav\u00e9s de los ajustes de su navegador, puede aceptar o rechazar las cookies o configurar su navegador para que le avise antes de aceptar una cookie de los sitios web que visite. Debe saber que, si configura su navegador para que desactive completamente las cookies, es posible que no pueda utilizar todas nuestras caracter\u00edsticas interactivas.<\/span><br data-reader-unique-id=\"81\" \/><br data-reader-unique-id=\"82\" \/><span>Si utiliza ordenadores diferentes en ubicaciones distintas, necesitar\u00e1 asegurarse de que cada navegador est\u00e9 ajustado a sus preferencias.<\/span><br data-reader-unique-id=\"83\" \/><br data-reader-unique-id=\"84\" \/><span>Puede eliminar las cookies que se hayan instalado en la carpeta de cookies de su navegador. Los diferentes navegadores tienen procedimientos distintos para gestionar sus ajustes. Haga clic en cualquiera de los siguientes enlaces de navegadores para obtener instrucciones.<\/span><br data-reader-unique-id=\"85\" \/><span>\u2013 <\/span><br data-reader-unique-id=\"86\" \/><span>\u2013 <\/span><a target=\"_blank\" href=\"https:\/\/support.microsoft.com\/en-us\/help\/17442\/windows-internet-explorer-delete-manage-cookies\" data-reader-unique-id=\"87\" rel=\"noopener\">Microsoft Windows Explorer<\/a><br data-reader-unique-id=\"88\" \/><span>\u2013 <\/span><a target=\"_blank\" href=\"https:\/\/support.google.com\/chrome\/answer\/95647?hl=en&amp;p=cpn_cookies\" data-reader-unique-id=\"89\" rel=\"noopener\">Google Chrome<\/a><br data-reader-unique-id=\"90\" \/><span>\u2013 <\/span><a target=\"_blank\" href=\"https:\/\/support.mozilla.org\/en-US\/kb\/enable-and-disable-cookies-website-preferences?redirectlocale=en-US&amp;redirectslug=Enabling+and+disabling+cookies\" data-reader-unique-id=\"91\" rel=\"noopener\">Mozilla Firefox<\/a><br data-reader-unique-id=\"92\" \/><span>\u2013 <\/span><a target=\"_blank\" href=\"https:\/\/support.apple.com\/en-gb\/HT201265\" data-reader-unique-id=\"93\" rel=\"noopener\">Apple Safari<\/a><br data-reader-unique-id=\"94\" \/><br data-reader-unique-id=\"95\" \/><span>Si no utiliza ninguno de los navegadores anteriores, debe seleccionar \u201ccookies\u201d en la funci\u00f3n \u201cAyuda\u201d para obtener informaci\u00f3n sobre d\u00f3nde encontrar su carpeta de cookies.<\/span><br data-reader-unique-id=\"96\" \/><br data-reader-unique-id=\"97\" \/><span>Es posible que no pueda elegir de manera selectiva dejar de recibir cookies de publicidad de terceros en nuestro sitio web, pero s\u00ed puede elegir dejar de recibir las nuestras haciendo clic en este icono . Asimismo, debe saber que, al desactivar las cookies, no se deshabilitan otros tipos de productos de an\u00e1lisis que podamos utilizar para recoger informaci\u00f3n gen\u00e9rica sobre c\u00f3mo usted y otros visitantes utilizan nuestro sitio web.<\/span><\/p>\n<p>[\/et_pb_text][\/et_pb_column][\/et_pb_row][\/et_pb_section]<\/p>","protected":false},"excerpt":{"rendered":"<p>Pol\u00edtica de Cookies \u00bfQu\u00e9 son las cookies?COOKIES DEL NAVEGADOR:Las cookies son fragmentos de informaci\u00f3n que un sitio web almacena en su dispositivo cuando lo visita. Las cookies pueden suponer la transmisi\u00f3n de informaci\u00f3n desde nosotros a usted o desde usted directamente a nosotros, otra parte en nuestro nombre u otra parte conforme a su pol\u00edtica [&hellip;]<\/p>","protected":false},"author":1,"featured_media":0,"parent":0,"menu_order":0,"comment_status":"closed","ping_status":"closed","template":"","meta":{"_et_pb_use_builder":"on","_et_pb_old_content":"","_et_gb_content_width":"","inline_featured_image":false,"footnotes":""},"class_list":["post-71374","page","type-page","status-publish","hentry"],"_links":{"self":[{"href":"https:\/\/digmus.art\/en\/wp-json\/wp\/v2\/pages\/71374","targetHints":{"allow":["GET"]}}],"collection":[{"href":"https:\/\/digmus.art\/en\/wp-json\/wp\/v2\/pages"}],"about":[{"href":"https:\/\/digmus.art\/en\/wp-json\/wp\/v2\/types\/page"}],"author":[{"embeddable":true,"href":"https:\/\/digmus.art\/en\/wp-json\/wp\/v2\/users\/1"}],"replies":[{"embeddable":true,"href":"https:\/\/digmus.art\/en\/wp-json\/wp\/v2\/comments?post=71374"}],"version-history":[{"count":2,"href":"https:\/\/digmus.art\/en\/wp-json\/wp\/v2\/pages\/71374\/revisions"}],"predecessor-version":[{"id":71377,"href":"https:\/\/digmus.art\/en\/wp-json\/wp\/v2\/pages\/71374\/revisions\/71377"}],"wp:attachment":[{"href":"https:\/\/digmus.art\/en\/wp-json\/wp\/v2\/media?parent=71374"}],"curies":[{"name":"wp","href":"https:\/\/api.w.org\/{rel}","templated":true}]}}